{"id":2832,"date":"2021-06-10T17:25:03","date_gmt":"2021-06-10T16:25:03","guid":{"rendered":"https:\/\/e-engineering.org\/?page_id=2832"},"modified":"2025-02-10T16:35:57","modified_gmt":"2025-02-10T16:35:57","slug":"conference-program","status":"publish","type":"page","link":"https:\/\/e-engineering.org\/?page_id=2832","title":{"rendered":"Conference program"},"content":{"rendered":"<h4>Schedule<\/h4>\n<table style=\"width: 100%;\">\n<tbody>\n<tr>\n<td>China\/ Australia<\/td>\n<td>Indonesia<\/td>\n<td>India<\/td>\n<td>Jordan<\/td>\n<td>France\/ Spain<\/td>\n<td>North Africa\/ Portugal<\/td>\n<td>Texas\/ Mexico<\/td>\n<td>California<\/td>\n<td style=\"width: 100px\"><\/td>\n<\/tr>\n<tr>\n<td>GMT+8<\/td>\n<td>GMT+7<\/td>\n<td>GMT+5:30<\/td>\n<td>GMT+3<\/td>\n<td>GMT+2<\/td>\n<td>GMT+1<\/td>\n<td>GMT-5<\/td>\n<td>GMT-7<\/td>\n<td><\/td>\n<\/tr>\n<tr>\n<td colspan=\"9\"><strong>1st day &#8211; Tuesday, 22 June<\/strong><\/td>\n<\/tr>\n<tr>\n<td>15:00<\/td>\n<td>14:00<\/td>\n<td>12:30<\/td>\n<td>10:00<\/td>\n<td>9:00<\/td>\n<td>8:00<\/td>\n<td>2:00<\/td>\n<td>0:00<\/td>\n<td>Opening Session<\/td>\n<\/tr>\n<tr>\n<td>15:30<\/td>\n<td>14:30<\/td>\n<td>13:00<\/td>\n<td>10:30<\/td>\n<td>9:30<\/td>\n<td>8:30<\/td>\n<td>2:30<\/td>\n<td>0:30<\/td>\n<td>Keynote Speaker #1<br \/>\nSergio Martin<\/td>\n<\/tr>\n<tr>\n<td>16:30<\/td>\n<td>15:30<\/td>\n<td>14:00<\/td>\n<td>11:30<\/td>\n<td>10:30<\/td>\n<td>9:30<\/td>\n<td>3:30<\/td>\n<td>1:30<\/td>\n<td>Coffee-Break<\/td>\n<\/tr>\n<tr>\n<td>16:45<\/td>\n<td>15:45<\/td>\n<td>14:15<\/td>\n<td>11:45<\/td>\n<td>10:45<\/td>\n<td>9:45<\/td>\n<td>3:45<\/td>\n<td>1:45<\/td>\n<td>Session 1<\/td>\n<\/tr>\n<tr>\n<td>17:45<\/td>\n<td>16:45<\/td>\n<td>15:15<\/td>\n<td>12:45<\/td>\n<td>11:45<\/td>\n<td>10:45<\/td>\n<td>4:45<\/td>\n<td>2:45<\/td>\n<td>Pause<\/td>\n<\/tr>\n<tr>\n<td>18:00<\/td>\n<td>17:00<\/td>\n<td>15:30<\/td>\n<td>13:00<\/td>\n<td>12:00<\/td>\n<td>11:00<\/td>\n<td>5:00<\/td>\n<td>3:00<\/td>\n<td>Session 2<\/td>\n<\/tr>\n<tr>\n<td>19:00<\/td>\n<td>18:00<\/td>\n<td>16:30<\/td>\n<td>14:00<\/td>\n<td>13:00<\/td>\n<td>12:00<\/td>\n<td>6:00<\/td>\n<td>4:00<\/td>\n<td>Lunch-Break<\/td>\n<\/tr>\n<tr>\n<td>20:30<\/td>\n<td>19:30<\/td>\n<td>18:00<\/td>\n<td>15:30<\/td>\n<td>14:30<\/td>\n<td>13:30<\/td>\n<td>7:30<\/td>\n<td>5:30<\/td>\n<td>Session 3<\/td>\n<\/tr>\n<tr>\n<td>21:30<\/td>\n<td>20:30<\/td>\n<td>19:00<\/td>\n<td>16:30<\/td>\n<td>15:30<\/td>\n<td>14:30<\/td>\n<td>8:30<\/td>\n<td>6:30<\/td>\n<td>Coffee-Break<\/td>\n<\/tr>\n<tr>\n<td>21:45<\/td>\n<td>20:45<\/td>\n<td>19:15<\/td>\n<td>16:45<\/td>\n<td>15:45<\/td>\n<td>14:45<\/td>\n<td>8:45<\/td>\n<td>6:45<\/td>\n<td>Keynote Speaker #2<br \/>\nXuewei Zhang<\/td>\n<\/tr>\n<tr>\n<td>22:45<\/td>\n<td>21:45<\/td>\n<td>20:15<\/td>\n<td>17:45<\/td>\n<td>16:45<\/td>\n<td>15:45<\/td>\n<td>9:45<\/td>\n<td>7:45<\/td>\n<td>Close &#8211; 1st day<\/td>\n<\/tr>\n<tr>\n<td colspan=\"9\"><strong>2nd day &#8211; Wednesday, 23 June<\/strong><\/td>\n<\/tr>\n<tr>\n<td>15:25<\/td>\n<td>14:25<\/td>\n<td>12:55<\/td>\n<td>10:25<\/td>\n<td>9:25<\/td>\n<td>8:25<\/td>\n<td>2:25<\/td>\n<td>0:25<\/td>\n<td>Session 4<\/td>\n<\/tr>\n<tr>\n<td>16:40<\/td>\n<td>15:40<\/td>\n<td>14:10<\/td>\n<td>11:40<\/td>\n<td>10:40<\/td>\n<td>9:40<\/td>\n<td>3:40<\/td>\n<td>1:40<\/td>\n<td>Coffee-Break<\/td>\n<\/tr>\n<tr>\n<td>16:55<\/td>\n<td>15:55<\/td>\n<td>14:25<\/td>\n<td>11:55<\/td>\n<td>10:55<\/td>\n<td>9:55<\/td>\n<td>3:55<\/td>\n<td>1:55<\/td>\n<td>Session 5<\/td>\n<\/tr>\n<tr>\n<td>17:45<\/td>\n<td>16:45<\/td>\n<td>15:15<\/td>\n<td>12:45<\/td>\n<td>11:45<\/td>\n<td>10:45<\/td>\n<td>4:45<\/td>\n<td>2:45<\/td>\n<td>Pause<\/td>\n<\/tr>\n<tr>\n<td>18:00<\/td>\n<td>17:00<\/td>\n<td>15:30<\/td>\n<td>13:00<\/td>\n<td>12:00<\/td>\n<td>11:00<\/td>\n<td>05:00<\/td>\n<td>03:00<\/td>\n<td>Session 6<\/td>\n<\/tr>\n<tr>\n<td>19:00<\/td>\n<td>18:00<\/td>\n<td>16:30<\/td>\n<td>14:00<\/td>\n<td>13:00<\/td>\n<td>12:00<\/td>\n<td>6:00<\/td>\n<td>4:00<\/td>\n<td>Lunch-Break<\/td>\n<\/tr>\n<tr>\n<td>20:30<\/td>\n<td>19:30<\/td>\n<td>18:00<\/td>\n<td>15:30<\/td>\n<td>14:30<\/td>\n<td>13:30<\/td>\n<td>7:30<\/td>\n<td>5:30<\/td>\n<td>Keynote Speaker #3<br \/>\nDominik May<\/td>\n<\/tr>\n<tr>\n<td>21:30<\/td>\n<td>20:30<\/td>\n<td>19:00<\/td>\n<td>16:30<\/td>\n<td>15:30<\/td>\n<td>14:30<\/td>\n<td>8:30<\/td>\n<td>6:30<\/td>\n<td>Coffee-Break<\/td>\n<\/tr>\n<tr>\n<td>21:45<\/td>\n<td>20:45<\/td>\n<td>19:15<\/td>\n<td>16:45<\/td>\n<td>15:45<\/td>\n<td>14:45<\/td>\n<td>8:45<\/td>\n<td>6:45<\/td>\n<td>Session 7<\/td>\n<\/tr>\n<tr>\n<td>22:45<\/td>\n<td>21:45<\/td>\n<td>20:15<\/td>\n<td>17:45<\/td>\n<td>16:45<\/td>\n<td>15:45<\/td>\n<td>9:45<\/td>\n<td>7:45<\/td>\n<td>Best paper award<br \/>\nClosing remarks<\/td>\n<\/tr>\n<tr>\n<td>23:00<\/td>\n<td>22:00<\/td>\n<td>20:30<\/td>\n<td>18:00<\/td>\n<td>17:00<\/td>\n<td>16:00<\/td>\n<td>10:00<\/td>\n<td>8:00<\/td>\n<td>End<\/td>\n<\/tr>\n<\/tbody>\n<\/table>\n<h4>Program<\/h4>\n<table width=\"100%\">\n<tbody>\n<tr>\n<td id=\"C1\" colspan=\"2\"><strong>22nd of June<\/strong><\/td>\n<\/tr>\n<tr>\n<td id=\"C1\" colspan=\"2\"><\/td>\n<\/tr>\n<tr>\n<td id=\"C1\" colspan=\"2\"><strong>Opening Session<\/strong><\/td>\n<\/tr>\n<tr>\n<td id=\"C1\" colspan=\"2\">Prof. Mohammed Khair Hourani, President of Tafila Technical University, Jordan<br \/>\nProf. Kamal Khandakji , Dean of Engineering, Tafila Technical University, Jordan<br \/>\nProf. Abdelhalim Benachenhou, e-Engineering Alliance Chair, University Abdelhamid Ibn Badis of Mostaganem, Algeria<br \/>\nProf. Guillaume Andrieu, e-LIVES project Coordinator, University of Limoges, France<br \/>\nSession chair: Prof. Murad Alaqtash, Tafila Technical University, Jordan <\/td>\n<\/tr>\n<tr>\n<td id=\"C1\" colspan=\"2\"><\/td>\n<\/tr>\n<tr>\n<td id=\"C1\" colspan=\"2\"><strong><a href=\"https:\/\/e-engineering.org\/?page_id=1728#Sergio\" rel=\"noopener\" target=\"_blank\">Keynote Speaker #1 &#8211; Sergio Martin<\/a><\/strong><\/td>\n<\/tr>\n<tr>\n<td id=\"C1\" colspan=\"2\">Past, present and future in remote experimentation<\/td>\n<\/tr>\n<tr>\n<td id=\"C1\" colspan=\"2\">Session chair: Manuel Castro, UNED, Spain<\/td>\n<\/tr>\n<tr>\n<td id=\"C1\" colspan=\"2\"><\/td>\n<\/tr>\n<tr>\n<td id=\"C1\" colspan=\"2\"><strong>Session 1<\/strong><\/td>\n<td><\/td>\n<\/tr>\n<tr>\n<td colspan=\"2\">Session chair: Andre Fidalgo, School of Engineering \u2013 Polytechnic of Porto, Portugal<\/td>\n<\/tr>\n<tr>\n<td id=\"C1\" colspan=\"2\"><\/td>\n<\/tr>\n<tr>\n<td>Arti Siddhpura, Milind Siddhpura, Ana Evangelista and Indumathi V<\/td>\n<td>The success of e-Learning implementation for engineering courses: Case study &#8211; EIT<\/td>\n<\/tr>\n<tr>\n<td>Yuanyuan Fan, Ana Evangelista and Indumathi V<\/td>\n<td>Implementation of Industry Inputs in Higher Education Courses<\/td>\n<\/tr>\n<tr>\n<td>Mengjie Huang and Rui Yang<\/td>\n<td>Action Research on Project-based Learning and Contest-based Learning in Higher Education<\/td>\n<\/tr>\n<tr>\n<td id=\"C2\" colspan=\"2\"><\/td>\n<\/tr>\n<tr>\n<td colspan=\"2\"><strong>Session 2<\/strong><\/td>\n<\/tr>\n<tr>\n<td id=\"C1\" colspan=\"2\">Session chair: Felix Garcia-Loro, UNED, Spain<\/td>\n<\/tr>\n<tr>\n<td id=\"C2\" colspan=\"2\"><\/td>\n<\/tr>\n<tr>\n<td>Joan Peuteman, Alain Maricau, Anatolijs Zabastra, Sammy Verslype, Ludovic Espeel, Jeroen Boydens and Davy Pissoort<\/td>\n<td>Computer-mediated communication based English language teaching to academic staff of Belarus and Ukraine in a COVID-19 environment<\/td>\n<\/tr>\n<tr>\n<td>Saqer Alja&#8217;Afreh, Ahmad Alabadleh and Ahmad Aljaafreh<\/td>\n<td>An Industry-related Course Development for Mobile Communications Systems in Undergraduate Curriculum of Communications Engineering<\/td>\n<\/tr>\n<tr>\n<td>Asmaa Bengueddach\u00a0and Abdeldjalil Fortas<\/td>\n<td>ASSES v1: an Algerian Scalable and Simple-To-Use Exam-generation System<\/td>\n<\/tr>\n<tr>\n<td colspan=\"2\"><\/td>\n<\/tr>\n<tr>\n<td id=\"C3\" colspan=\"2\"><strong>Session 3<\/strong><\/td>\n<\/tr>\n<tr>\n<td colspan=\"2\">Session chair: Ahmad Aljaafreh, Tafila Technical University, Jordan<\/td>\n<\/tr>\n<tr>\n<td id=\"C2\" colspan=\"2\"><\/td>\n<\/tr>\n<tr>\n<td>Ahmad Aljaafreh, Ahmad Alabadleh, Saqer Alja&#8217;Afreh, Murad Alaqtash and Jafar Abukhait<\/td>\n<td>A Questionnaire Study on the Practice of Teaching Strategies and Technology Tools in Jordanian Engineering Teaching<\/td>\n<\/tr>\n<tr>\n<td>Soulef Benhamdi, Abdesselam Babouri and Raja Chiky<\/td>\n<td>An association rule-based recommender system for learning materials recommendation<\/td>\n<\/tr>\n<tr>\n<td>Sammy Verslype, Venu Babu Thati, Joan Peuteman, Manuel Gericota, Davy Pissoort and Jeroen Boydens<\/td>\n<td>Satisfaction Questionnaire for Students, Teachers and Trainees to Assess the Quality of an e- Engineering Program<\/td>\n<\/tr>\n<tr>\n<td id=\"C1\" colspan=\"2\"><\/td>\n<\/tr>\n<tr>\n<td id=\"C1\" colspan=\"2\"><strong><a href=\"https:\/\/e-engineering.org\/?page_id=1728#Xuewei\" rel=\"noopener\" target=\"_blank\">Keynote Speaker #2 &#8211; Xuewei Zhang<\/a><\/strong><\/td>\n<\/tr>\n<tr>\n<td id=\"C1\" colspan=\"2\">Power Up Jordan: Piloting a Virtual Training Program and Idea-A-Thon on Emerging Technologies for Jordanian Youth<\/td>\n<\/tr>\n<tr>\n<td id=\"C1\" colspan=\"2\">Session chair: Murad Alaqtash, Tafila Technical University, Jordan<\/td>\n<\/tr>\n<tr>\n<td id=\"C1\" colspan=\"2\"><\/td>\n<\/tr>\n<tr>\n<td id=\"C1\" colspan=\"2\"><strong>23rd of June<\/strong><\/td>\n<\/tr>\n<tr>\n<td id=\"C1\" colspan=\"2\"><\/td>\n<\/tr>\n<tr>\n<td colspan=\"2\">\n<div class=\"anchor\" id=\"salta4\"><strong>Session 4<\/strong><\/div>\n<\/td>\n<\/tr>\n<tr>\n<td colspan=\"2\">Session chair: Kamal Khandakji, Tafila Technical University, Jordan<\/td>\n<\/tr>\n<tr>\n<td colspan=\"2\"><\/td>\n<\/tr>\n<tr>\n<td>Felix Garcia Loro, Clara Perez, Elio San Crist\u00f3bal Ruiz, Pedro Plaza, Martin Fernandez, Manuel Blazquez, Alejandro Macho, Pablo Baizan, Manuel Castro and Blanca Quintana<\/td>\n<td>e-Engineering Learning, Teaching and Training at UNED<\/td>\n<\/tr>\n<tr>\n<td>Milind Siddhpura and Arti Siddhpura<\/td>\n<td>Synchronous And Asynchronous Online Training Tools and Techniques For Engineering Lecturers Of Online And Face-To-Face Delivery Modes<\/td>\n<\/tr>\n<tr>\n<td>Arti Siddhpura and Milind Siddhpura<\/td>\n<td>Development, Implementation And Analysis Of Effectiveness Of Online Synchronous And Asynchronous Instructions For Engineering Graphics Course<\/td>\n<\/tr>\n<tr>\n<td>Oleksii Chornyi, Larysa Herasymenko, Victor Busher, Valerii Tytyuk, Janis Zakis and Kamal Khandakji<\/td>\n<td>Evaluation of Students` Learning Based on Cybernetic Models with Differential Equations of Fractional Order<\/td>\n<\/tr>\n<tr>\n<td colspan=\"2\"><\/td>\n<\/tr>\n<tr>\n<td id=\"C5\" colspan=\"2\"><strong>Session 5<\/strong><\/td>\n<\/tr>\n<tr>\n<td colspan=\"2\">Session chair: Guillaume Andrieu, University of Limoges, France<\/td>\n<\/tr>\n<tr>\n<td id=\"C2\" colspan=\"2\"><\/td>\n<\/tr>\n<tr>\n<td>Yeni Anistyasari<\/td>\n<td>Exploring The Psychometric Properties of Computational Thinking Assessment in Introductory Programming<\/td>\n<\/tr>\n<tr>\n<td>F. David Trujillo-Aguilera, Elidia Beatriz Bl\u00e1zquez-Parra and Antonio P\u00e9rez-Herrera<\/td>\n<td>Opinions of the involved agents in learning active methodology in Engineering<\/td>\n<\/tr>\n<tr>\n<td>Guillaume Andrieu and Claire Dalmay<\/td>\n<td>About compensation arrangements of teachers involved in e-learning trainings<\/td>\n<\/tr>\n<tr>\n<td colspan=\"2\"><\/td>\n<\/tr>\n<tr>\n<td id=\"C6\" colspan=\"2\"><strong>Session 6<\/strong><\/td>\n<\/tr>\n<tr>\n<td colspan=\"2\">Session chair: Abdelhalim Benachenhou, Universit\u00e9 Abdelhamid Ibn Badis, Mostaganem, Algeria<\/td>\n<\/tr>\n<tr>\n<td id=\"C2\" colspan=\"2\"><\/td>\n<\/tr>\n<tr>\n<td>Elidia Beatriz Bl\u00e1zquez-Parra, Isidro Ladr\u00f3n de Guevara-L\u00f3pez, Laia Miravet Garret, Patricia Mora-Segado and Francisco David Trujillo-Aguilera<\/td>\n<td>Development of flipped classroom model applied to Graphic Engineering<\/td>\n<\/tr>\n<tr>\n<td>Christina Andersson and Gerald Kroisandt<\/td>\n<td>Work in Progress: First Experiences with a Flipped Online Statistics Classroom for Engineering Students<\/td>\n<\/tr>\n<tr>\n<td>Guillaume Andrieu, Thomas Fredon, Said Farah and Noura Aknin<\/td>\n<td>Remote Laboratory Implementation for the Study of Transmission Lines<\/td>\n<\/tr>\n<tr>\n<td>Mohammed Moussa, Abderrahmane Adda Benatia, Abdelhalim Benachenhou and Abderrahmane Boumehdi<\/td>\n<td>A New Design and Evaluation for Sharing Analog Electronic Labs<\/td>\n<\/tr>\n<tr>\n<td id=\"C2\" colspan=\"2\"><\/td>\n<\/tr>\n<tr>\n<td id=\"C1\" colspan=\"2\"><strong><a href=\"https:\/\/e-engineering.org\/?page_id=1728#Dominik\" rel=\"noopener\" target=\"_blank\">Keynote Speaker #3 &#8211; Dominik May<\/a><\/strong><\/td>\n<\/tr>\n<tr>\n<td id=\"C1\" colspan=\"2\">Connecting Cross-Reality Learning Spaces and Online Laboratories through Engineering Education Research<\/td>\n<\/tr>\n<tr>\n<td id=\"C1\" colspan=\"2\">Session chair: Manuel Gericota, School of Engineering &#8211; Polytechnic of Porto, Portugal<\/td>\n<\/tr>\n<tr>\n<td id=\"C1\" colspan=\"2\"><\/td>\n<\/tr>\n<tr>\n<td id=\"C7\" colspan=\"2\"><strong>Session 7<\/strong><\/td>\n<\/tr>\n<tr>\n<td colspan=\"2\">Session chair: Fadi Shahroury, Princess Sumaya University for Technology, Jordan<\/td>\n<\/tr>\n<tr>\n<td colspan=\"2\"><\/td>\n<\/tr>\n<tr>\n<td>Esmeralda Nino Perez, Nelly Ramirez Vasquez and Roberto E. Villase\u00f1or Roldan<\/td>\n<td>Integrating different teaching methods as a strategy to improve the students learning: A comparison study in an e-engineering course<\/td>\n<\/tr>\n<tr>\n<td>Dhanya Nair<\/td>\n<td>Online Laboratory Course using Low Tech Supplies to Introduce Digital Logic Design Concepts<\/td>\n<\/tr>\n<tr>\n<td>Mudasser F. Wyne, Lu Zhang and Alireza Farahani<\/td>\n<td>A Review of Competency Based Education (CBE)<\/td>\n<\/tr>\n<tr>\n<td colspan=\"2\"><\/td>\n<\/tr>\n<tr>\n<td id=\"C1\" colspan=\"2\"><strong>Closing Session<\/strong><\/td>\n<\/tr>\n<tr>\n<td id=\"C1\" colspan=\"2\">Best paper award<\/td>\n<\/tr>\n<\/tbody>\n<\/table>\n","protected":false},"excerpt":{"rendered":"<p>Schedule China\/ Australia Indonesia India Jordan France\/ Spain North Africa\/ Portugal Texas\/ Mexico California GMT+8 GMT+7 GMT+5:30 GMT+3 GMT+2 GMT+1 GMT-5 GMT-7 1st day &#8211; Tuesday, 22 June 15:00 14:00 12:30 10:00 9:00 8:00 2:00 0:00 Opening Session 15:30 14:30 13:00 10:30 9:30 8:30 2:30 0:30 Keynote Speaker #1 Sergio Martin 16:30 15:30 14:00 11:30 [&hellip;]<\/p>\n","protected":false},"author":1,"featured_media":0,"parent":0,"menu_order":0,"comment_status":"closed","ping_status":"closed","template":"","meta":{"footnotes":""},"class_list":["post-2832","page","type-page","status-publish","hentry"],"post_mailing_queue_ids":[],"_links":{"self":[{"href":"https:\/\/e-engineering.org\/index.php?rest_route=\/wp\/v2\/pages\/2832","targetHints":{"allow":["GET"]}}],"collection":[{"href":"https:\/\/e-engineering.org\/index.php?rest_route=\/wp\/v2\/pages"}],"about":[{"href":"https:\/\/e-engineering.org\/index.php?rest_route=\/wp\/v2\/types\/page"}],"author":[{"embeddable":true,"href":"https:\/\/e-engineering.org\/index.php?rest_route=\/wp\/v2\/users\/1"}],"replies":[{"embeddable":true,"href":"https:\/\/e-engineering.org\/index.php?rest_route=%2Fwp%2Fv2%2Fcomments&post=2832"}],"version-history":[{"count":120,"href":"https:\/\/e-engineering.org\/index.php?rest_route=\/wp\/v2\/pages\/2832\/revisions"}],"predecessor-version":[{"id":4176,"href":"https:\/\/e-engineering.org\/index.php?rest_route=\/wp\/v2\/pages\/2832\/revisions\/4176"}],"wp:attachment":[{"href":"https:\/\/e-engineering.org\/index.php?rest_route=%2Fwp%2Fv2%2Fmedia&parent=2832"}],"curies":[{"name":"wp","href":"https:\/\/api.w.org\/{rel}","templated":true}]}}